{"id":152,"date":"2021-08-23T09:56:42","date_gmt":"2021-08-23T09:56:42","guid":{"rendered":"https:\/\/determined-banzai.136-243-168-66.plesk.page\/?page_id=152"},"modified":"2021-08-23T09:58:28","modified_gmt":"2021-08-23T09:58:28","slug":"wystawy-i-publikacje","status":"publish","type":"page","link":"https:\/\/determined-banzai.136-243-168-66.plesk.page\/index.php\/wystawy-i-publikacje\/","title":{"rendered":"Wystawy i publikacje"},"content":{"rendered":"\n<p><strong>2019<\/strong><\/p>\n\n\n\n<ul class=\"wp-block-list\"><li>\u201eWYSTAWA MA\u0141EGO FORMATU\u201d, TAJNA GALERIA, GDA\u0143SK<\/li><\/ul>\n\n\n\n<ul class=\"wp-block-list\"><li>\u201eNOC MUZEU\u00d3W\u201d, AULA ASP, GDA\u0143SK<\/li><\/ul>\n\n\n\n<ul class=\"wp-block-list\"><li>\u201eOKOLICE MALARSTWA\u201d, ZESP\u00d3\u0141 PARKOWO PA\u0141ACOWY W WI\u015aNIOWEJ  WYSTAWA PO KONKURSIE I TRIENNALE MALARSTWA STUDENCKIEGO, BWA RZESZ\u00d3W<\/li><\/ul>\n\n\n\n<ul class=\"wp-block-list\"><li>\u201eFILIP KAMPKA-PREZENTACJE M\u0141ODYCH\u201d, SFINKS 700, SOPOT (WYSTAWA INDYWIDUALNA)<\/li><\/ul>\n\n\n\n<ul class=\"wp-block-list\"><li>\u201eBARDZO M\u0141ODE MALARSTWO II\u201d, GALERIA PUNKT, GTPS, GDA\u0143SK<\/li><\/ul>\n\n\n\n<ul class=\"wp-block-list\"><li>PUBLIKACJA W ZINIE ,,ABSURD\u201d<\/li><\/ul>\n\n\n\n<p><strong>2018<\/strong><\/p>\n\n\n\n<ul class=\"wp-block-list\"><li>WYSTAWA PO KONKURSIE II EDYCJI KONKURSU MALARSKIEGO IM. WOJCIECHA FANGORA, ASP GDA\u0143SK<\/li><\/ul>\n\n\n\n<ul class=\"wp-block-list\"><li>KURATOR WYSTAWY \u201eCO S\u0141YCHA\u0106\u201d, ZBROJOWNIA SZTUKI, GDA\u0143SK<\/li><\/ul>\n\n\n\n<ul class=\"wp-block-list\"><li>\u201eHERBATKA DLA DWOJGA\u201d, PATIO ASP, GDA\u0143SK<\/li><\/ul>\n\n\n\n<ul class=\"wp-block-list\"><li>PUBLIKACJA POEZJI\/WYWIADU W PI\u015aMIE AUTOGRAF<\/li><\/ul>\n\n\n\n<p><strong>2017<\/strong><\/p>\n\n\n\n<ul class=\"wp-block-list\"><li>\u201eCZYNNIK POBUDZAJ\u0104CY\u201d, GALERIA KOBRO, \u0141\u00d3D\u0179<\/li><\/ul>\n\n\n\n<ul class=\"wp-block-list\"><li>\u201ePRZEBARWIENIA\u201d, GALERIA PLAMA, GDA\u0143SK (WYSTAWA INDYWIDUALNA)<\/li><\/ul>\n\n\n\n<ul class=\"wp-block-list\"><li>\u201eG\u0141\u0118BOKA WODA-WYSTAWA W PROCESIE\u201d, GDA\u0143SKA GALERIA MIEJSKA, GDA\u0143SK<\/li><\/ul>\n","protected":false},"excerpt":{"rendered":"<p>2019 \u201eWYSTAWA MA\u0141EGO FORMATU\u201d, TAJNA GALERIA, GDA\u0143SK \u201eNOC MUZEU\u00d3W\u201d, AULA ASP, GDA\u0143SK \u201eOKOLICE MALARSTWA\u201d, ZESP\u00d3\u0141 PARKOWO PA\u0141ACOWY W WI\u015aNIOWEJ WYSTAWA PO KONKURSIE I TRIENNALE MALARSTWA STUDENCKIEGO, BWA RZESZ\u00d3W \u201eFILIP KAMPKA-PREZENTACJE M\u0141ODYCH\u201d, SFINKS 700, SOPOT (WYSTAWA INDYWIDUALNA) \u201eBARDZO M\u0141ODE MALARSTWO II\u201d, GALERIA PUNKT, GTPS, GDA\u0143SK PUBLIKACJA W ZINIE ,,ABSURD\u201d 2018 WYSTAWA PO KONKURSIE II EDYCJI KONKURSU &hellip; <\/p>\n<p class=\"link-more\"><a href=\"https:\/\/determined-banzai.136-243-168-66.plesk.page\/index.php\/wystawy-i-publikacje\/\" class=\"more-link\">Read more<span class=\"screen-reader-text\"> &#8220;Wystawy i publikacje&#8221;<\/span><\/a><\/p>\n","protected":false},"author":1,"featured_media":0,"parent":0,"menu_order":0,"comment_status":"closed","ping_status":"closed","template":"","meta":{"footnotes":""},"class_list":["post-152","page","type-page","status-publish","hentry"],"_links":{"self":[{"href":"https:\/\/determined-banzai.136-243-168-66.plesk.page\/index.php\/wp-json\/wp\/v2\/pages\/152","targetHints":{"allow":["GET"]}}],"collection":[{"href":"https:\/\/determined-banzai.136-243-168-66.plesk.page\/index.php\/wp-json\/wp\/v2\/pages"}],"about":[{"href":"https:\/\/determined-banzai.136-243-168-66.plesk.page\/index.php\/wp-json\/wp\/v2\/types\/page"}],"author":[{"embeddable":true,"href":"https:\/\/determined-banzai.136-243-168-66.plesk.page\/index.php\/wp-json\/wp\/v2\/users\/1"}],"replies":[{"embeddable":true,"href":"https:\/\/determined-banzai.136-243-168-66.plesk.page\/index.php\/wp-json\/wp\/v2\/comments?post=152"}],"version-history":[{"count":3,"href":"https:\/\/determined-banzai.136-243-168-66.plesk.page\/index.php\/wp-json\/wp\/v2\/pages\/152\/revisions"}],"predecessor-version":[{"id":155,"href":"https:\/\/determined-banzai.136-243-168-66.plesk.page\/index.php\/wp-json\/wp\/v2\/pages\/152\/revisions\/155"}],"wp:attachment":[{"href":"https:\/\/determined-banzai.136-243-168-66.plesk.page\/index.php\/wp-json\/wp\/v2\/media?parent=152"}],"curies":[{"name":"wp","href":"https:\/\/api.w.org\/{rel}","templated":true}]}}