{"id":21,"date":"2021-08-10T14:15:37","date_gmt":"2021-08-10T14:15:37","guid":{"rendered":"https:\/\/determined-banzai.136-243-168-66.plesk.page\/?page_id=21"},"modified":"2021-08-26T12:36:50","modified_gmt":"2021-08-26T12:36:50","slug":"portfolio","status":"publish","type":"page","link":"https:\/\/determined-banzai.136-243-168-66.plesk.page\/","title":{"rendered":"Strona domowa"},"content":{"rendered":"\n<div class=\"wp-block-group alignfull has-background\" style=\"background-color:#e5e9ec\"><div class=\"wp-block-group__inner-container is-layout-flow wp-block-group-is-layout-flow\">\n<div class=\"wp-block-columns is-layout-flex wp-container-core-columns-is-layout-9d6595d7 wp-block-columns-is-layout-flex\">\n<div class=\"wp-block-column is-vertically-aligned-center is-layout-flow wp-block-column-is-layout-flow\">\n<h2 class=\"wp-block-heading\">Informacje o arty\u015bcie<\/h2>\n\n\n\n<p>Filip Kampka urodzony 27 marca 1996 roku w Cz\u0119stochowie.<br>Jest absolwentem wydzia\u0142u malarstwa na akademii sztuk pi\u0119knych<br>w Gda\u0144sku, gdzie w czerwcu 2021 roku obroni\u0142 dyplom magistra<br>sztuki z wyr\u00f3\u017cnieniem. Finalista ii edycji konkursu malarskiego<br>im. Wojciecha Fangora oraz i Triennale Malarstwa<br>Studenckiego w Rzeszowie.<\/p>\n\n\n\n<div class=\"wp-block-buttons is-content-justification-left is-layout-flex wp-block-buttons-is-layout-flex\">\n<div class=\"wp-block-button is-style-outline is-style-outline--1\"><a class=\"wp-block-button__link no-border-radius\" href=\"\/index.php\/about\/\">pzeczytaj Wi\u0119cej &#8230;<\/a><\/div>\n<\/div>\n\n\n\n<p><\/p>\n<\/div>\n\n\n\n<div class=\"wp-block-column is-layout-flow wp-block-column-is-layout-flow\">\n<div style=\"height:48px\" aria-hidden=\"true\" class=\"wp-block-spacer\"><\/div>\n\n\n\n<figure class=\"wp-block-image size-full\"><img loading=\"lazy\" decoding=\"async\" width=\"415\" height=\"580\" src=\"https:\/\/determined-banzai.136-243-168-66.plesk.page\/wp-content\/uploads\/2021\/08\/FILIPL.png\" alt=\"\" class=\"wp-image-209\" srcset=\"https:\/\/determined-banzai.136-243-168-66.plesk.page\/wp-content\/uploads\/2021\/08\/FILIPL.png 415w, https:\/\/determined-banzai.136-243-168-66.plesk.page\/wp-content\/uploads\/2021\/08\/FILIPL-215x300.png 215w\" sizes=\"auto, (max-width: 415px) 100vw, 415px\" \/><\/figure>\n\n\n\n<p><\/p>\n<\/div>\n<\/div>\n<\/div><\/div>\n\n\n\n<div class=\"wp-block-group alignfull has-black-background-color has-background\"><div class=\"wp-block-group__inner-container is-layout-flow wp-block-group-is-layout-flow\">\n<h2 class=\"has-text-align-center has-white-color has-text-color wp-block-heading\">Galerie<\/h2>\n\n\n\n<figure class=\"wp-block-gallery aligncenter columns-3 is-cropped wp-block-gallery-2 is-layout-flex wp-block-gallery-is-layout-flex\"><ul class=\"blocks-gallery-grid\"><li class=\"blocks-gallery-item\"><figure><img loading=\"lazy\" decoding=\"async\" width=\"1024\" height=\"678\" src=\"https:\/\/determined-banzai.136-243-168-66.plesk.page\/wp-content\/uploads\/2021\/08\/WYSTAWA2-1024x678.png\" alt=\"\" data-id=\"146\" data-link=\"https:\/\/determined-banzai.136-243-168-66.plesk.page\/index.php\/cykl-iv\/wystawa2\/\" class=\"wp-image-146\" srcset=\"https:\/\/determined-banzai.136-243-168-66.plesk.page\/wp-content\/uploads\/2021\/08\/WYSTAWA2-1024x678.png 1024w, https:\/\/determined-banzai.136-243-168-66.plesk.page\/wp-content\/uploads\/2021\/08\/WYSTAWA2-300x199.png 300w, https:\/\/determined-banzai.136-243-168-66.plesk.page\/wp-content\/uploads\/2021\/08\/WYSTAWA2-768x508.png 768w, https:\/\/determined-banzai.136-243-168-66.plesk.page\/wp-content\/uploads\/2021\/08\/WYSTAWA2.png 1071w\" sizes=\"auto, (max-width: 1024px) 100vw, 1024px\" \/><\/figure><\/li><li class=\"blocks-gallery-item\"><figure><img loading=\"lazy\" decoding=\"async\" width=\"594\" height=\"594\" src=\"https:\/\/determined-banzai.136-243-168-66.plesk.page\/wp-content\/uploads\/2021\/08\/ARBUZ.png\" alt=\"\" data-id=\"188\" data-link=\"https:\/\/determined-banzai.136-243-168-66.plesk.page\/index.php\/o-jak-fajnie-czemu-placzesz\/arbuz\/\" class=\"wp-image-188\" srcset=\"https:\/\/determined-banzai.136-243-168-66.plesk.page\/wp-content\/uploads\/2021\/08\/ARBUZ.png 594w, https:\/\/determined-banzai.136-243-168-66.plesk.page\/wp-content\/uploads\/2021\/08\/ARBUZ-300x300.png 300w, https:\/\/determined-banzai.136-243-168-66.plesk.page\/wp-content\/uploads\/2021\/08\/ARBUZ-150x150.png 150w\" sizes=\"auto, (max-width: 594px) 100vw, 594px\" \/><\/figure><\/li><li class=\"blocks-gallery-item\"><figure><img loading=\"lazy\" decoding=\"async\" width=\"454\" height=\"586\" src=\"https:\/\/determined-banzai.136-243-168-66.plesk.page\/wp-content\/uploads\/2021\/08\/URODZAJ.png\" alt=\"\" data-id=\"192\" data-link=\"https:\/\/determined-banzai.136-243-168-66.plesk.page\/index.php\/o-jak-fajnie-czemu-placzesz\/urodzaj\/\" class=\"wp-image-192\" srcset=\"https:\/\/determined-banzai.136-243-168-66.plesk.page\/wp-content\/uploads\/2021\/08\/URODZAJ.png 454w, https:\/\/determined-banzai.136-243-168-66.plesk.page\/wp-content\/uploads\/2021\/08\/URODZAJ-232x300.png 232w\" sizes=\"auto, (max-width: 454px) 100vw, 454px\" \/><\/figure><\/li><li class=\"blocks-gallery-item\"><figure><img loading=\"lazy\" decoding=\"async\" width=\"822\" height=\"580\" src=\"https:\/\/determined-banzai.136-243-168-66.plesk.page\/wp-content\/uploads\/2021\/08\/BEZRADNOSC.png\" alt=\"\" data-id=\"196\" data-full-url=\"https:\/\/determined-banzai.136-243-168-66.plesk.page\/wp-content\/uploads\/2021\/08\/BEZRADNOSC.png\" data-link=\"https:\/\/determined-banzai.136-243-168-66.plesk.page\/index.php\/strzepki\/bezradnosc\/\" class=\"wp-image-196\" srcset=\"https:\/\/determined-banzai.136-243-168-66.plesk.page\/wp-content\/uploads\/2021\/08\/BEZRADNOSC.png 822w, https:\/\/determined-banzai.136-243-168-66.plesk.page\/wp-content\/uploads\/2021\/08\/BEZRADNOSC-300x212.png 300w, https:\/\/determined-banzai.136-243-168-66.plesk.page\/wp-content\/uploads\/2021\/08\/BEZRADNOSC-768x542.png 768w\" sizes=\"auto, (max-width: 822px) 100vw, 822px\" \/><\/figure><\/li><li class=\"blocks-gallery-item\"><figure><img loading=\"lazy\" decoding=\"async\" width=\"586\" height=\"800\" src=\"https:\/\/determined-banzai.136-243-168-66.plesk.page\/wp-content\/uploads\/2021\/08\/FIGURA.png\" alt=\"\" data-id=\"160\" data-link=\"https:\/\/determined-banzai.136-243-168-66.plesk.page\/index.php\/wyczute-z-pamieci\/figura\/\" class=\"wp-image-160\" srcset=\"https:\/\/determined-banzai.136-243-168-66.plesk.page\/wp-content\/uploads\/2021\/08\/FIGURA.png 586w, https:\/\/determined-banzai.136-243-168-66.plesk.page\/wp-content\/uploads\/2021\/08\/FIGURA-220x300.png 220w\" sizes=\"auto, (max-width: 586px) 100vw, 586px\" \/><\/figure><\/li><li class=\"blocks-gallery-item\"><figure><img loading=\"lazy\" decoding=\"async\" width=\"537\" height=\"403\" src=\"https:\/\/determined-banzai.136-243-168-66.plesk.page\/wp-content\/uploads\/2021\/08\/FILIP-1.png\" alt=\"\" data-id=\"234\" data-full-url=\"https:\/\/determined-banzai.136-243-168-66.plesk.page\/wp-content\/uploads\/2021\/08\/FILIP-1.png\" data-link=\"https:\/\/determined-banzai.136-243-168-66.plesk.page\/index.php\/portfolio\/filip-1\/\" class=\"wp-image-234\" srcset=\"https:\/\/determined-banzai.136-243-168-66.plesk.page\/wp-content\/uploads\/2021\/08\/FILIP-1.png 537w, https:\/\/determined-banzai.136-243-168-66.plesk.page\/wp-content\/uploads\/2021\/08\/FILIP-1-300x225.png 300w\" sizes=\"auto, (max-width: 537px) 100vw, 537px\" \/><\/figure><\/li><\/ul><\/figure>\n<\/div><\/div>\n\n\n\n<div class=\"wp-block-cover alignfull has-background-dim-40 has-black-background-color has-background-dim has-parallax is-position-center-center\" style=\"background-image:url(https:\/\/determined-banzai.136-243-168-66.plesk.page\/wp-content\/uploads\/2021\/08\/BLACHA.png);min-height:375px;aspect-ratio:unset;\"><div class=\"wp-block-cover__inner-container is-layout-flow wp-block-cover-is-layout-flow\">\n<p class=\"has-text-align-center has-text-color has-huge-font-size\" style=\"color:#fffffa;line-height:1.1\">Zobacz moje prace w menu Bio lub w Wybranych pracach<\/p>\n\n\n\n<p class=\"has-text-align-center\"><\/p>\n\n\n\n<div style=\"height:39px\" aria-hidden=\"true\" class=\"wp-block-spacer\"><\/div>\n\n\n\n<div class=\"wp-block-buttons is-content-justification-center is-layout-flex wp-block-buttons-is-layout-flex\">\n<div class=\"wp-block-button is-style-outline is-style-outline--3\"><a class=\"wp-block-button__link has-white-color has-text-color no-border-radius\" href=\"mailto:filip.kampka@gmail.com\">NapiSZ DO MNIE<\/a><\/div>\n<\/div>\n<\/div><\/div>\n","protected":false},"excerpt":{"rendered":"<p>Informacje o arty\u015bcie Filip Kampka urodzony 27 marca 1996 roku w Cz\u0119stochowie.Jest absolwentem wydzia\u0142u malarstwa na akademii sztuk pi\u0119knychw Gda\u0144sku, gdzie w czerwcu 2021 roku obroni\u0142 dyplom magistrasztuki z wyr\u00f3\u017cnieniem. Finalista ii edycji konkursu malarskiegoim. Wojciecha Fangora oraz i Triennale MalarstwaStudenckiego w Rzeszowie. Galerie<\/p>\n","protected":false},"author":1,"featured_media":0,"parent":0,"menu_order":0,"comment_status":"closed","ping_status":"closed","template":"","meta":{"footnotes":""},"class_list":["post-21","page","type-page","status-publish","hentry"],"_links":{"self":[{"href":"https:\/\/determined-banzai.136-243-168-66.plesk.page\/index.php\/wp-json\/wp\/v2\/pages\/21","targetHints":{"allow":["GET"]}}],"collection":[{"href":"https:\/\/determined-banzai.136-243-168-66.plesk.page\/index.php\/wp-json\/wp\/v2\/pages"}],"about":[{"href":"https:\/\/determined-banzai.136-243-168-66.plesk.page\/index.php\/wp-json\/wp\/v2\/types\/page"}],"author":[{"embeddable":true,"href":"https:\/\/determined-banzai.136-243-168-66.plesk.page\/index.php\/wp-json\/wp\/v2\/users\/1"}],"replies":[{"embeddable":true,"href":"https:\/\/determined-banzai.136-243-168-66.plesk.page\/index.php\/wp-json\/wp\/v2\/comments?post=21"}],"version-history":[{"count":19,"href":"https:\/\/determined-banzai.136-243-168-66.plesk.page\/index.php\/wp-json\/wp\/v2\/pages\/21\/revisions"}],"predecessor-version":[{"id":244,"href":"https:\/\/determined-banzai.136-243-168-66.plesk.page\/index.php\/wp-json\/wp\/v2\/pages\/21\/revisions\/244"}],"wp:attachment":[{"href":"https:\/\/determined-banzai.136-243-168-66.plesk.page\/index.php\/wp-json\/wp\/v2\/media?parent=21"}],"curies":[{"name":"wp","href":"https:\/\/api.w.org\/{rel}","templated":true}]}}