{"id":22,"date":"2021-08-10T14:15:37","date_gmt":"2021-08-10T14:15:37","guid":{"rendered":"https:\/\/determined-banzai.136-243-168-66.plesk.page\/?page_id=22"},"modified":"2021-08-26T12:06:01","modified_gmt":"2021-08-26T12:06:01","slug":"about","status":"publish","type":"page","link":"https:\/\/determined-banzai.136-243-168-66.plesk.page\/index.php\/about\/","title":{"rendered":"Portfolio"},"content":{"rendered":"\n<div class=\"wp-block-columns is-layout-flex wp-container-core-columns-is-layout-9d6595d7 wp-block-columns-is-layout-flex\">\n<div class=\"wp-block-column is-layout-flow wp-block-column-is-layout-flow\" style=\"flex-basis:33.33%\">\n<figure class=\"wp-block-image size-full is-resized\"><img loading=\"lazy\" decoding=\"async\" src=\"https:\/\/determined-banzai.136-243-168-66.plesk.page\/wp-content\/uploads\/2021\/08\/FK-2.png\" alt=\"\" class=\"wp-image-218\" width=\"305\" height=\"374\" srcset=\"https:\/\/determined-banzai.136-243-168-66.plesk.page\/wp-content\/uploads\/2021\/08\/FK-2.png 301w, https:\/\/determined-banzai.136-243-168-66.plesk.page\/wp-content\/uploads\/2021\/08\/FK-2-245x300.png 245w\" sizes=\"auto, (max-width: 305px) 100vw, 305px\" \/><\/figure>\n<\/div>\n\n\n\n<div class=\"wp-block-column is-layout-flow wp-block-column-is-layout-flow\" style=\"flex-basis:66.66%\">\n<p>Filip Kampka urodzony 27 marca 1996 roku w Cz\u0119stochowie. Jest absolwentem wydzia\u0142u malarstwa na akademii sztuk pi\u0119knych w Gda\u0144sku, gdzie w czerwcu 2021 roku obroni\u0142 dyplom magistra sztuki z wyr\u00f3\u017cnieniem. Finalista ii edycji konkursu malarskiego im. Wojciecha Fangora oraz i Triennale Malarstwa Studenckiego w Rzeszowie. Uczestnik wielu wystaw na terenie Tr\u00f3jmiasta i kraju. Kilkukrotny stypendysta Rektora Akademii Sztuk Pi\u0119knych w Gda\u0144sku. Jego obrazy zosta\u0142y zakupione do kolekcji M-Banku w roku 2020 i 2021. Jest artyst\u0105 intermedialnym \u2013 zajmuje si\u0119 r\u00f3wnolegle d\u017awi\u0119kiem, obrazem, s\u0142owem i obiektem. W 2018 roku zadebiutowa\u0142 jako poeta w pi\u015bmie literackim \u201eautograf\u201d. \u017byje, tworzy i pracuje w Gda\u0144sku. Tym co wydaje si\u0119 sta\u0142e w dzia\u0142aniach Filipa Kampki, jest dotykanie obszar\u00f3w zagadnienia pami\u0119ci i upami\u0119tniania. Bazuj\u0105c na wspomnieniach wa\u017cnych miejsc ze swojej historii, artysta stara si\u0119 wydoby\u0107 zapami\u0119tane materie, \u0142\u0105cz\u0105c je intuicyjnie z wyci\u0105ganymi z pami\u0119ci formami czy kolorami. Ca\u0142o\u015b\u0107, po przej\u015bciu weryfikacji, zaczyna stanowi\u0107 specyficzny pomnik tego, co artysta nazywa esencj\u0105. W warstwie malarskiej pr\u00f3buje odtworzy\u0107 \u015blady up\u0142ywu czasu, bazuj\u0105c na przypadkowych zjawiskach odci\u015bni\u0119tych w materii p\u0142\u00f3tna. Du\u017cy wp\u0142yw na artyst\u0119 mia\u0142y dzie\u0142a takich my\u015blicieli jak Maurice Merleau-Ponty, Mircea Eliade, Hans-Georg Gadamer, Paul Ricoeur czy Michel Foucault<\/p>\n<\/div>\n<\/div>\n","protected":false},"excerpt":{"rendered":"<p>Filip Kampka urodzony 27 marca 1996 roku w Cz\u0119stochowie. Jest absolwentem wydzia\u0142u malarstwa na akademii sztuk pi\u0119knych w Gda\u0144sku, gdzie w czerwcu 2021 roku obroni\u0142 dyplom magistra sztuki z wyr\u00f3\u017cnieniem. Finalista ii edycji konkursu malarskiego im. Wojciecha Fangora oraz i Triennale Malarstwa Studenckiego w Rzeszowie. Uczestnik wielu wystaw na terenie Tr\u00f3jmiasta i kraju. Kilkukrotny stypendysta &hellip; <\/p>\n<p class=\"link-more\"><a href=\"https:\/\/determined-banzai.136-243-168-66.plesk.page\/index.php\/about\/\" class=\"more-link\">Read more<span class=\"screen-reader-text\"> &#8220;Portfolio&#8221;<\/span><\/a><\/p>\n","protected":false},"author":1,"featured_media":0,"parent":0,"menu_order":0,"comment_status":"closed","ping_status":"closed","template":"","meta":{"footnotes":""},"class_list":["post-22","page","type-page","status-publish","hentry"],"_links":{"self":[{"href":"https:\/\/determined-banzai.136-243-168-66.plesk.page\/index.php\/wp-json\/wp\/v2\/pages\/22","targetHints":{"allow":["GET"]}}],"collection":[{"href":"https:\/\/determined-banzai.136-243-168-66.plesk.page\/index.php\/wp-json\/wp\/v2\/pages"}],"about":[{"href":"https:\/\/determined-banzai.136-243-168-66.plesk.page\/index.php\/wp-json\/wp\/v2\/types\/page"}],"author":[{"embeddable":true,"href":"https:\/\/determined-banzai.136-243-168-66.plesk.page\/index.php\/wp-json\/wp\/v2\/users\/1"}],"replies":[{"embeddable":true,"href":"https:\/\/determined-banzai.136-243-168-66.plesk.page\/index.php\/wp-json\/wp\/v2\/comments?post=22"}],"version-history":[{"count":10,"href":"https:\/\/determined-banzai.136-243-168-66.plesk.page\/index.php\/wp-json\/wp\/v2\/pages\/22\/revisions"}],"predecessor-version":[{"id":236,"href":"https:\/\/determined-banzai.136-243-168-66.plesk.page\/index.php\/wp-json\/wp\/v2\/pages\/22\/revisions\/236"}],"wp:attachment":[{"href":"https:\/\/determined-banzai.136-243-168-66.plesk.page\/index.php\/wp-json\/wp\/v2\/media?parent=22"}],"curies":[{"name":"wp","href":"https:\/\/api.w.org\/{rel}","templated":true}]}}