{"id":272,"date":"2021-08-29T09:06:36","date_gmt":"2021-08-29T09:06:36","guid":{"rendered":"https:\/\/determined-banzai.136-243-168-66.plesk.page\/?page_id=272"},"modified":"2021-08-29T09:09:30","modified_gmt":"2021-08-29T09:09:30","slug":"informacja-o-prawach-autorskich","status":"publish","type":"page","link":"https:\/\/determined-banzai.136-243-168-66.plesk.page\/index.php\/informacja-o-prawach-autorskich\/","title":{"rendered":"Informacja o prawach autorskich"},"content":{"rendered":"\n<p>Wszystkie teksty, zdj\u0119cia oraz inne informacje zawarte i opublikowane na tym serwisie  s\u0105 chronione prawem autorskim i\u00a0nale\u017c\u0105 do w\u0142a\u015bciela strony Filipa Kampki. <\/p>\n\n\n\n<p>Strona zbudowana jest na bazie CMS WordPress i wykorzystuje jego elementy w szczeg\u00f3lno\u015bci motyw WPZOOM &#8211; Informacja o motywie znajduje si\u0119 w stopce strony.<\/p>\n\n\n\n<p>Wszelkie kopiowanie, dystrybucja, przetwarzanie oraz przesy\u0142anie tre\u015bci bez zgody W\u0142a\u015bciela strony jest zabronionione.  <\/p>\n\n\n\n<p><\/p>\n","protected":false},"excerpt":{"rendered":"<p>Wszystkie teksty, zdj\u0119cia oraz inne informacje zawarte i opublikowane na tym serwisie s\u0105 chronione prawem autorskim i\u00a0nale\u017c\u0105 do w\u0142a\u015bciela strony Filipa Kampki. Strona zbudowana jest na bazie CMS WordPress i wykorzystuje jego elementy w szczeg\u00f3lno\u015bci motyw WPZOOM &#8211; Informacja o motywie znajduje si\u0119 w stopce strony. Wszelkie kopiowanie, dystrybucja, przetwarzanie oraz przesy\u0142anie tre\u015bci bez zgody &hellip; <\/p>\n<p class=\"link-more\"><a href=\"https:\/\/determined-banzai.136-243-168-66.plesk.page\/index.php\/informacja-o-prawach-autorskich\/\" class=\"more-link\">Read more<span class=\"screen-reader-text\"> &#8220;Informacja o prawach autorskich&#8221;<\/span><\/a><\/p>\n","protected":false},"author":1,"featured_media":0,"parent":0,"menu_order":0,"comment_status":"closed","ping_status":"closed","template":"","meta":{"footnotes":""},"class_list":["post-272","page","type-page","status-publish","hentry"],"_links":{"self":[{"href":"https:\/\/determined-banzai.136-243-168-66.plesk.page\/index.php\/wp-json\/wp\/v2\/pages\/272","targetHints":{"allow":["GET"]}}],"collection":[{"href":"https:\/\/determined-banzai.136-243-168-66.plesk.page\/index.php\/wp-json\/wp\/v2\/pages"}],"about":[{"href":"https:\/\/determined-banzai.136-243-168-66.plesk.page\/index.php\/wp-json\/wp\/v2\/types\/page"}],"author":[{"embeddable":true,"href":"https:\/\/determined-banzai.136-243-168-66.plesk.page\/index.php\/wp-json\/wp\/v2\/users\/1"}],"replies":[{"embeddable":true,"href":"https:\/\/determined-banzai.136-243-168-66.plesk.page\/index.php\/wp-json\/wp\/v2\/comments?post=272"}],"version-history":[{"count":2,"href":"https:\/\/determined-banzai.136-243-168-66.plesk.page\/index.php\/wp-json\/wp\/v2\/pages\/272\/revisions"}],"predecessor-version":[{"id":274,"href":"https:\/\/determined-banzai.136-243-168-66.plesk.page\/index.php\/wp-json\/wp\/v2\/pages\/272\/revisions\/274"}],"wp:attachment":[{"href":"https:\/\/determined-banzai.136-243-168-66.plesk.page\/index.php\/wp-json\/wp\/v2\/media?parent=272"}],"curies":[{"name":"wp","href":"https:\/\/api.w.org\/{rel}","templated":true}]}}